{"id":45,"date":"2021-01-15T19:16:00","date_gmt":"2021-01-15T18:16:00","guid":{"rendered":"http:\/\/camping-les-sirenes.com\/?page_id=45"},"modified":"2025-03-25T11:03:19","modified_gmt":"2025-03-25T10:03:19","slug":"activites","status":"publish","type":"page","link":"https:\/\/les-sirenes.com\/en\/activites\/","title":{"rendered":"Activities"},"content":{"rendered":"<div class=\"wpb-content-wrapper\"><div class=\"vc_row wpb_row section vc_row-fluid \" style=' text-align:left;'><div class=\" full_section_inner clearfix\"><div class=\"wpb_column vc_column_container vc_col-sm-12\"><div class=\"vc_column-inner\"><div class=\"wpb_wrapper\">\n\t<div class=\"wpb_text_column wpb_content_element \">\n\t\t<div class=\"wpb_wrapper\">\n\t\t\t<h4 style=\"text-align: center;\">Quand on s&rsquo;appelle Le camping Les Sir\u00e8nes, on se doit d&rsquo;avoir une piscine. Elle est accessible durant l&rsquo;\u00e9t\u00e9 et est gratuite pour les r\u00e9sidents du camping.<\/h4>\n<h4 style=\"text-align: center;\">Le Camping vous propose aussi des terrains de p\u00e9tanque et une pin\u00e8de pour y accrocher votre hamac.<\/h4>\n\n\t\t<\/div>\n\t<\/div><div class=\"vc_empty_space\"  style=\"height: 32px\" >\n\t<span class=\"vc_empty_space_inner\">\n\t\t<span class=\"empty_space_image\"  ><\/span>\n\t<\/span>\n<\/div>\n\t<div class=\"wpb_text_column wpb_content_element \">\n\t\t<div class=\"wpb_wrapper\">\n\t\t\t<h3 style=\"text-align: center;\">Les activit\u00e9s \u00e0 l&rsquo;ext\u00e9rieur du camping<\/h3>\n\n\t\t<\/div>\n\t<\/div><div class=\"vc_empty_space\"  style=\"height: 32px\" >\n\t<span class=\"vc_empty_space_inner\">\n\t\t<span class=\"empty_space_image\"  ><\/span>\n\t<\/span>\n<\/div>\n\t<div class=\"wpb_text_column wpb_content_element \">\n\t\t<div class=\"wpb_wrapper\">\n\t\t\t<h4 style=\"text-align: center;\">Le camping est id\u00e9alement situ\u00e9 au d\u00e9part de nombreuses randonn\u00e9es \u00e0 pied, en v\u00e9lo, en moto.<\/h4>\n\n\t\t<\/div>\n\t<\/div><div class=\"vc_empty_space\"  style=\"height: 32px\" >\n\t<span class=\"vc_empty_space_inner\">\n\t\t<span class=\"empty_space_image\"  ><\/span>\n\t<\/span>\n<\/div><div      class=\"vc_row wpb_row section vc_row-fluid vc_inner \" style=' text-align:left;'><div class=\" full_section_inner clearfix\"><div class=\"wpb_column vc_column_container vc_col-sm-6\"><div class=\"vc_column-inner\"><div class=\"wpb_wrapper\">\n\t<div class=\"wpb_single_image wpb_content_element vc_align_right\">\n\t\t<div class=\"wpb_wrapper\">\n\t\t\t\n\t\t\t<a class=\"qode-prettyphoto qode-single-image-pretty-photo\" data-rel=\"prettyPhoto[rel-45-811886858]\" href=\"https:\/\/les-sirenes.com\/wp-content\/uploads\/2021\/01\/chemin-des-sirenes-1200x800.jpg\" target=\"_self\"><div class=\"vc_single_image-wrapper   vc_box_border_grey\"><img loading=\"lazy\" decoding=\"async\" width=\"1600\" height=\"1067\" src=\"https:\/\/les-sirenes.com\/wp-content\/uploads\/2021\/01\/chemin-des-sirenes-scaled.jpg\" class=\"vc_single_image-img attachment-full\" alt=\"\" title=\"chemin des sirenes\" srcset=\"https:\/\/les-sirenes.com\/wp-content\/uploads\/2021\/01\/chemin-des-sirenes-scaled.jpg 1600w, https:\/\/les-sirenes.com\/wp-content\/uploads\/2021\/01\/chemin-des-sirenes-500x333.jpg 500w, https:\/\/les-sirenes.com\/wp-content\/uploads\/2021\/01\/chemin-des-sirenes-1200x800.jpg 1200w, https:\/\/les-sirenes.com\/wp-content\/uploads\/2021\/01\/chemin-des-sirenes-768x512.jpg 768w, https:\/\/les-sirenes.com\/wp-content\/uploads\/2021\/01\/chemin-des-sirenes-1536x1024.jpg 1536w, https:\/\/les-sirenes.com\/wp-content\/uploads\/2021\/01\/chemin-des-sirenes-2048x1365.jpg 2048w, https:\/\/les-sirenes.com\/wp-content\/uploads\/2021\/01\/chemin-des-sirenes-700x467.jpg 700w\" sizes=\"auto, (max-width: 1600px) 100vw, 1600px\" \/><\/div><\/a>\n\t\t<\/div>\n\t<\/div>\n<div class=\"vc_empty_space\"  style=\"height: 32px\" >\n\t<span class=\"vc_empty_space_inner\">\n\t\t<span class=\"empty_space_image\"  ><\/span>\n\t<\/span>\n<\/div><\/div><\/div><\/div><div class=\"wpb_column vc_column_container vc_col-sm-6\"><div class=\"vc_column-inner\"><div class=\"wpb_wrapper\">\n\t<div class=\"wpb_text_column wpb_content_element \">\n\t\t<div class=\"wpb_wrapper\">\n\t\t\t<h2><a href=\"https:\/\/www.verdontourisme.com\/offres\/sentier-des-sireniens-castellane-fr-2918942\/\" target=\"_blank\" rel=\"noopener\">Le Sentier des Sir\u00e9niens<\/a><\/h2>\n<h4>Ballade 1h1\/2<\/h4>\n<p>p\u00e9dagogique familiale<\/p>\n\n\t\t<\/div>\n\t<\/div><div class=\"vc_empty_space\"  style=\"height: 32px\" >\n\t<span class=\"vc_empty_space_inner\">\n\t\t<span class=\"empty_space_image\"  ><\/span>\n\t<\/span>\n<\/div><a  itemprop=\"url\" href=\"https:\/\/www.verdontourisme.com\/offres\/sentier-des-sireniens-castellane-fr-2918942\/\" target=\"_blank\" data-hover-background-color=\"#ffffff\" data-hover-border-color=\"#1bb7ad\" data-hover-color=\"#1bb7ad\" class=\"qbutton  medium center default\" style=\"color: #ffffff; border-color: #1bb7ad; text-transform: uppercase; border-radius: 5px;-moz-border-radius: 5px;-webkit-border-radius: 5px; background-color:#1bb7ad;\">plus d'info<\/a><div class=\"vc_empty_space\"  style=\"height: 32px\" >\n\t<span class=\"vc_empty_space_inner\">\n\t\t<span class=\"empty_space_image\"  ><\/span>\n\t<\/span>\n<\/div><\/div><\/div><\/div><\/div><\/div><div      class=\"vc_row wpb_row section vc_row-fluid vc_inner \" style=' text-align:left;'><div class=\" full_section_inner clearfix\"><div class=\"wpb_column vc_column_container vc_col-sm-6\"><div class=\"vc_column-inner\"><div class=\"wpb_wrapper\">\n\t<div class=\"wpb_single_image wpb_content_element vc_align_right\">\n\t\t<div class=\"wpb_wrapper\">\n\t\t\t\n\t\t\t<a class=\"qode-prettyphoto qode-single-image-pretty-photo\" data-rel=\"prettyPhoto[rel-45-2580145374]\" href=\"https:\/\/les-sirenes.com\/wp-content\/uploads\/2021\/01\/917912-diaporama.jpg\" target=\"_self\"><div class=\"vc_single_image-wrapper   vc_box_border_grey\"><img loading=\"lazy\" decoding=\"async\" width=\"900\" height=\"600\" src=\"https:\/\/les-sirenes.com\/wp-content\/uploads\/2021\/01\/917912-diaporama.jpg\" class=\"vc_single_image-img attachment-full\" alt=\"\" title=\"917912-diaporama\" srcset=\"https:\/\/les-sirenes.com\/wp-content\/uploads\/2021\/01\/917912-diaporama.jpg 900w, https:\/\/les-sirenes.com\/wp-content\/uploads\/2021\/01\/917912-diaporama-500x333.jpg 500w, https:\/\/les-sirenes.com\/wp-content\/uploads\/2021\/01\/917912-diaporama-768x512.jpg 768w, https:\/\/les-sirenes.com\/wp-content\/uploads\/2021\/01\/917912-diaporama-700x467.jpg 700w\" sizes=\"auto, (max-width: 900px) 100vw, 900px\" \/><\/div><\/a>\n\t\t<\/div>\n\t<\/div>\n<div class=\"vc_empty_space\"  style=\"height: 32px\" >\n\t<span class=\"vc_empty_space_inner\">\n\t\t<span class=\"empty_space_image\"  ><\/span>\n\t<\/span>\n<\/div><\/div><\/div><\/div><div class=\"wpb_column vc_column_container vc_col-sm-6\"><div class=\"vc_column-inner\"><div class=\"wpb_wrapper\">\n\t<div class=\"wpb_text_column wpb_content_element \">\n\t\t<div class=\"wpb_wrapper\">\n\t\t\t<h2><a href=\"https:\/\/www.verdontourisme.com\/offres\/les-cadieres-de-brandis-castellane-fr-2918914\/\" target=\"_blank\" rel=\"noopener\">Les Cadi\u00e8res de Brandis<\/a><\/h2>\n<h4>Ballade 4h<\/h4>\n<p>ballade sportive<\/p>\n\n\t\t<\/div>\n\t<\/div><div class=\"vc_empty_space\"  style=\"height: 32px\" >\n\t<span class=\"vc_empty_space_inner\">\n\t\t<span class=\"empty_space_image\"  ><\/span>\n\t<\/span>\n<\/div><a  itemprop=\"url\" href=\"https:\/\/www.verdontourisme.com\/offres\/les-cadieres-de-brandis-castellane-fr-2918914\/\" target=\"_blank\" data-hover-background-color=\"#ffffff\" data-hover-border-color=\"#1bb7ad\" data-hover-color=\"#1bb7ad\" class=\"qbutton  medium center default\" style=\"color: #ffffff; border-color: #1bb7ad; text-transform: uppercase; border-radius: 5px;-moz-border-radius: 5px;-webkit-border-radius: 5px; background-color:#1bb7ad;\">plus d'info<\/a><div class=\"vc_empty_space\"  style=\"height: 32px\" >\n\t<span class=\"vc_empty_space_inner\">\n\t\t<span class=\"empty_space_image\"  ><\/span>\n\t<\/span>\n<\/div><\/div><\/div><\/div><\/div><\/div><div class=\"vc_empty_space\"  style=\"height: 52px\" >\n\t<span class=\"vc_empty_space_inner\">\n\t\t<span class=\"empty_space_image\"  ><\/span>\n\t<\/span>\n<\/div><\/div><\/div><\/div><\/div><\/div><div      class=\"vc_row wpb_row section vc_row-fluid \" style=' text-align:left;'><div class=\" full_section_inner clearfix\"><div class=\"wpb_column vc_column_container vc_col-sm-3\"><div class=\"vc_column-inner\"><div class=\"wpb_wrapper\">\n\t<div class=\"wpb_single_image wpb_content_element vc_align_center\">\n\t\t<div class=\"wpb_wrapper\">\n\t\t\t\n\t\t\t<div class=\"vc_single_image-wrapper   vc_box_border_grey\"><img decoding=\"async\" class=\"vc_single_image-img \" src=\"https:\/\/les-sirenes.com\/wp-content\/uploads\/2021\/01\/img_verdon_4-1920w-480x350-1.jpg\" width=\"480\" height=\"350\" alt=\"img_verdon_4-1920w-480x350\" title=\"img_verdon_4-1920w-480x350\" loading=\"lazy\" \/><\/div>\n\t\t<\/div>\n\t<\/div>\n<div class=\"vc_empty_space\"  style=\"height: 32px\" >\n\t<span class=\"vc_empty_space_inner\">\n\t\t<span class=\"empty_space_image\"  ><\/span>\n\t<\/span>\n<\/div><\/div><\/div><\/div><div class=\"wpb_column vc_column_container vc_col-sm-3\"><div class=\"vc_column-inner\"><div class=\"wpb_wrapper\">\n\t<div class=\"wpb_text_column wpb_content_element \">\n\t\t<div class=\"wpb_wrapper\">\n\t\t\t<h2>Office de tourisme<\/h2>\n\n\t\t<\/div>\n\t<\/div><div class=\"vc_empty_space\"  style=\"height: 15px\" >\n\t<span class=\"vc_empty_space_inner\">\n\t\t<span class=\"empty_space_image\"  ><\/span>\n\t<\/span>\n<\/div>\n\t<div class=\"wpb_text_column wpb_content_element \">\n\t\t<div class=\"wpb_wrapper\">\n\t\t\t<p>Pour d\u00e9couvrir plus d&rsquo;activit\u00e9s in\u00e9dites ainsi que la regions (balades, point de vues, etc&#8230;) rendez vous \u00e0 l&rsquo;office de tourisme de castellane.<\/p>\n<p>Pour connaitre les horaires de l&rsquo;office de tourisme, consulter leur site internet en cliquant sur le bouton ci-dessous.<\/p>\n<p>Rue Nationale &#8211; 04120 CASTELLANE<\/p>\n\n\t\t<\/div>\n\t<\/div><div class=\"vc_empty_space\"  style=\"height: 32px\" >\n\t<span class=\"vc_empty_space_inner\">\n\t\t<span class=\"empty_space_image\"  ><\/span>\n\t<\/span>\n<\/div><a  itemprop=\"url\" href=\"https:\/\/www.verdontourisme.com\" target=\"_blank\" data-hover-background-color=\"#ffffff\" data-hover-border-color=\"#1bb7ad\" data-hover-color=\"#1bb7ad\" class=\"qbutton  medium center default\" style=\"color: #ffffff; border-color: #1bb7ad; text-transform: uppercase; border-radius: 5px;-moz-border-radius: 5px;-webkit-border-radius: 5px; background-color:#1bb7ad;\">plus d'info<\/a><div class=\"vc_empty_space\"  style=\"height: 32px\" >\n\t<span class=\"vc_empty_space_inner\">\n\t\t<span class=\"empty_space_image\"  ><\/span>\n\t<\/span>\n<\/div><\/div><\/div><\/div><div class=\"wpb_column vc_column_container vc_col-sm-3\"><div class=\"vc_column-inner\"><div class=\"wpb_wrapper\">\n\t<div class=\"wpb_single_image wpb_content_element vc_align_center\">\n\t\t<div class=\"wpb_wrapper\">\n\t\t\t\n\t\t\t<div class=\"vc_single_image-wrapper   vc_box_border_grey\"><img decoding=\"async\" class=\"vc_single_image-img \" src=\"https:\/\/les-sirenes.com\/wp-content\/uploads\/2021\/01\/img_verdon_3-1920w-480x350-1.jpg\" width=\"480\" height=\"350\" alt=\"img_verdon_3-1920w-480x350\" title=\"img_verdon_3-1920w-480x350\" loading=\"lazy\" \/><\/div>\n\t\t<\/div>\n\t<\/div>\n<div class=\"vc_empty_space\"  style=\"height: 32px\" >\n\t<span class=\"vc_empty_space_inner\">\n\t\t<span class=\"empty_space_image\"  ><\/span>\n\t<\/span>\n<\/div><\/div><\/div><\/div><div class=\"wpb_column vc_column_container vc_col-sm-3\"><div class=\"vc_column-inner\"><div class=\"wpb_wrapper\">\n\t<div class=\"wpb_text_column wpb_content_element \">\n\t\t<div class=\"wpb_wrapper\">\n\t\t\t<h2>R\u00e9serve naturelle g\u00e9ologique de Haute Provence<\/h2>\n\n\t\t<\/div>\n\t<\/div><div class=\"vc_empty_space\"  style=\"height: 15px\" >\n\t<span class=\"vc_empty_space_inner\">\n\t\t<span class=\"empty_space_image\"  ><\/span>\n\t<\/span>\n<\/div>\n\t<div class=\"wpb_text_column wpb_content_element \">\n\t\t<div class=\"wpb_wrapper\">\n\t\t\t<p>Cr\u00e9\u00e9e en 1984 par d\u00e9cret, la r\u00e9serve g\u00e9ologique de Haute-Provence s\u2019\u00e9tend sur un territoire de 200 000 hectares entre les Alpes de Haute-Provence et le Var.<\/p>\n<p>Elle concerne la nappe de charriage de Digne, l\u2019arc pliss\u00e9 de Castellane, le bassin de Digne-Valensole et des cha\u00eenons proven\u00e7aux varois.<\/p>\n<p>Elle prot\u00e8ge et valorise des sites g\u00e9ologiques, des fossiles en place, des paysages aux couches pliss\u00e9es et fractur\u00e9es.<\/p>\n\n\t\t<\/div>\n\t<\/div><div class=\"vc_empty_space\"  style=\"height: 32px\" >\n\t<span class=\"vc_empty_space_inner\">\n\t\t<span class=\"empty_space_image\"  ><\/span>\n\t<\/span>\n<\/div><a  itemprop=\"url\" href=\"http:\/\/www.reserves-naturelles.org\/geologique-de-haute-provence\" target=\"_blank\" data-hover-background-color=\"#ffffff\" data-hover-border-color=\"#1bb7ad\" data-hover-color=\"#1bb7ad\" class=\"qbutton  medium center default\" style=\"color: #ffffff; border-color: #1bb7ad; text-transform: uppercase; border-radius: 5px;-moz-border-radius: 5px;-webkit-border-radius: 5px; background-color:#1bb7ad;\">plus d'info<\/a><div class=\"vc_empty_space\"  style=\"height: 32px\" >\n\t<span class=\"vc_empty_space_inner\">\n\t\t<span class=\"empty_space_image\"  ><\/span>\n\t<\/span>\n<\/div><\/div><\/div><\/div><\/div><\/div><div      class=\"vc_row wpb_row section vc_row-fluid \" style=' text-align:left;'><div class=\" full_section_inner clearfix\"><div class=\"wpb_column vc_column_container vc_col-sm-12\"><div class=\"vc_column-inner\"><div class=\"wpb_wrapper\"><div class=\"vc_empty_space\"  style=\"height: 52px\" >\n\t<span class=\"vc_empty_space_inner\">\n\t\t<span class=\"empty_space_image\"  ><\/span>\n\t<\/span>\n<\/div><\/div><\/div><\/div><\/div><\/div><div      class=\"vc_row wpb_row section vc_row-fluid \" style=' text-align:left;'><div class=\" full_section_inner clearfix\"><div class=\"wpb_column vc_column_container vc_col-sm-3\"><div class=\"vc_column-inner\"><div class=\"wpb_wrapper\">\n\t<div class=\"wpb_single_image wpb_content_element vc_align_center\">\n\t\t<div class=\"wpb_wrapper\">\n\t\t\t\n\t\t\t<div class=\"vc_single_image-wrapper   vc_box_border_grey\"><img decoding=\"async\" class=\"vc_single_image-img \" src=\"https:\/\/les-sirenes.com\/wp-content\/uploads\/2021\/01\/img_gorges_du_verdon-2880w-480x350-1.jpg\" width=\"480\" height=\"350\" alt=\"img_gorges_du_verdon-2880w-480x350\" title=\"img_gorges_du_verdon-2880w-480x350\" loading=\"lazy\" \/><\/div>\n\t\t<\/div>\n\t<\/div>\n<div class=\"vc_empty_space\"  style=\"height: 32px\" >\n\t<span class=\"vc_empty_space_inner\">\n\t\t<span class=\"empty_space_image\"  ><\/span>\n\t<\/span>\n<\/div>\n\t<div class=\"wpb_text_column wpb_content_element \">\n\t\t<div class=\"wpb_wrapper\">\n\t\t\t<h2>Parc du verdon<\/h2>\n\n\t\t<\/div>\n\t<\/div><div class=\"vc_empty_space\"  style=\"height: 15px\" >\n\t<span class=\"vc_empty_space_inner\">\n\t\t<span class=\"empty_space_image\"  ><\/span>\n\t<\/span>\n<\/div>\n\t<div class=\"wpb_text_column wpb_content_element \">\n\t\t<div class=\"wpb_wrapper\">\n\t\t\t<p>Le Parc naturel r\u00e9gional du Verdon a \u00e9t\u00e9 fond\u00e9 autour du magnifique site des gorges du Verdon. Couvrant 180 000 ha, il concerne quelque 45 communes, dont 25 dans les Alpes-de-Haute-Provence (et 20 dans le Var).<\/p>\n<p>Il s\u2019\u00e9tend du plateau de Valensole au haut pays varois et du pays d\u2019Artuby aux massifs pr\u00e9alpins de Mondenier de Canjuers. Les routes longeant les gorges livrent d\u2019\u00e9poustouflants paysages. Mais le Verdon, c\u2019est aussi la d\u00e9couverte des villages perch\u00e9s, de ruines gallo-romaines, d\u2019\u00e9glises et du patrimoine local.<\/p>\n\n\t\t<\/div>\n\t<\/div><div class=\"vc_empty_space\"  style=\"height: 32px\" >\n\t<span class=\"vc_empty_space_inner\">\n\t\t<span class=\"empty_space_image\"  ><\/span>\n\t<\/span>\n<\/div><a  itemprop=\"url\" href=\"http:\/\/parcduverdon.fr\" target=\"_blank\" data-hover-background-color=\"#ffffff\" data-hover-border-color=\"#1bb7ad\" data-hover-color=\"#1bb7ad\" class=\"qbutton  medium center default\" style=\"color: #ffffff; border-color: #1bb7ad; text-transform: uppercase; border-radius: 5px;-moz-border-radius: 5px;-webkit-border-radius: 5px; background-color:#1bb7ad;\">plus d'info<\/a><div class=\"vc_empty_space\"  style=\"height: 32px\" >\n\t<span class=\"vc_empty_space_inner\">\n\t\t<span class=\"empty_space_image\"  ><\/span>\n\t<\/span>\n<\/div><\/div><\/div><\/div><div class=\"wpb_column vc_column_container vc_col-sm-3\"><div class=\"vc_column-inner\"><div class=\"wpb_wrapper\">\n\t<div class=\"wpb_single_image wpb_content_element vc_align_center\">\n\t\t<div class=\"wpb_wrapper\">\n\t\t\t\n\t\t\t<div class=\"vc_single_image-wrapper   vc_box_border_grey\"><img decoding=\"async\" class=\"vc_single_image-img \" src=\"https:\/\/les-sirenes.com\/wp-content\/uploads\/2021\/04\/aqua-trekking-large-1856117ce8-480x350.jpg\" width=\"480\" height=\"350\" alt=\"aqua-trekking-large-1856117ce8\" title=\"aqua-trekking-large-1856117ce8\" loading=\"lazy\" \/><\/div>\n\t\t<\/div>\n\t<\/div>\n<div class=\"vc_empty_space\"  style=\"height: 32px\" >\n\t<span class=\"vc_empty_space_inner\">\n\t\t<span class=\"empty_space_image\"  ><\/span>\n\t<\/span>\n<\/div>\n\t<div class=\"wpb_text_column wpb_content_element \">\n\t\t<div class=\"wpb_wrapper\">\n\t\t\t<h2>Ride the Verdon<\/h2>\n\n\t\t<\/div>\n\t<\/div><div class=\"vc_empty_space\"  style=\"height: 15px\" >\n\t<span class=\"vc_empty_space_inner\">\n\t\t<span class=\"empty_space_image\"  ><\/span>\n\t<\/span>\n<\/div>\n\t<div class=\"wpb_text_column wpb_content_element \">\n\t\t<div class=\"wpb_wrapper\">\n\t\t\t<p>En partance de Castellane jusqu&rsquo;au lac de Sainte-Croix (le pont de Galetas), nos guides passionn\u00e9s vous emm\u00e8neront explorer le plus beau canyon d&rsquo;Europe, patrimoine naturel de l&rsquo;UNESCO.<br \/>\nRandonn\u00e9e aquatique<br \/>\nRafting<br \/>\nCano\u00ebs-kayaks<br \/>\nExp\u00e9dition Grand Canyon<\/p>\n\n\t\t<\/div>\n\t<\/div><div class=\"vc_empty_space\"  style=\"height: 32px\" >\n\t<span class=\"vc_empty_space_inner\">\n\t\t<span class=\"empty_space_image\"  ><\/span>\n\t<\/span>\n<\/div><a  itemprop=\"url\" href=\"https:\/\/ridetheverdon.com\" target=\"_blank\" data-hover-background-color=\"#ffffff\" data-hover-border-color=\"#1bb7ad\" data-hover-color=\"#1bb7ad\" class=\"qbutton  medium center default\" style=\"color: #ffffff; border-color: #1bb7ad; text-transform: uppercase; border-radius: 5px;-moz-border-radius: 5px;-webkit-border-radius: 5px; background-color:#1bb7ad;\">plus d'info<\/a><div class=\"vc_empty_space\"  style=\"height: 32px\" >\n\t<span class=\"vc_empty_space_inner\">\n\t\t<span class=\"empty_space_image\"  ><\/span>\n\t<\/span>\n<\/div><\/div><\/div><\/div><div class=\"wpb_column vc_column_container vc_col-sm-3\"><div class=\"vc_column-inner\"><div class=\"wpb_wrapper\">\n\t<div class=\"wpb_single_image wpb_content_element vc_align_center\">\n\t\t<div class=\"wpb_wrapper\">\n\t\t\t\n\t\t\t<div class=\"vc_single_image-wrapper   vc_box_border_grey\"><img decoding=\"async\" class=\"vc_single_image-img \" src=\"https:\/\/les-sirenes.com\/wp-content\/uploads\/2021\/01\/img_club_nutique-2880w-480x350-1.jpg\" width=\"480\" height=\"350\" alt=\"img_club_nutique-2880w-480x350\" title=\"img_club_nutique-2880w-480x350\" loading=\"lazy\" \/><\/div>\n\t\t<\/div>\n\t<\/div>\n<div class=\"vc_empty_space\"  style=\"height: 32px\" >\n\t<span class=\"vc_empty_space_inner\">\n\t\t<span class=\"empty_space_image\"  ><\/span>\n\t<\/span>\n<\/div>\n\t<div class=\"wpb_text_column wpb_content_element \">\n\t\t<div class=\"wpb_wrapper\">\n\t\t\t<h2>Club Nautique Castillon<\/h2>\n\n\t\t<\/div>\n\t<\/div><div class=\"vc_empty_space\"  style=\"height: 15px\" >\n\t<span class=\"vc_empty_space_inner\">\n\t\t<span class=\"empty_space_image\"  ><\/span>\n\t<\/span>\n<\/div>\n\t<div class=\"wpb_text_column wpb_content_element \">\n\t\t<div class=\"wpb_wrapper\">\n\t\t\t<p>Cr\u00e9\u00e9 en 1954, peu apr\u00e8s la construction du barrage de Castillon, le club Nautique de Castillon (association loi 1901) est le premier club de voile du d\u00e9partement des Alpes-de-Haute-Provence. Situ\u00e9 \u00e0 Saint-Julien-du-Verdon, petit village proven\u00e7al, entre les montagnes du Val d\u2019Allos et les gorges du Verdon, le Club Nautique de Castillon b\u00e9n\u00e9ficie d\u2019un acc\u00e8s privil\u00e9gi\u00e9 aux berges du lac de Castillon.<\/p>\n<p>Anim\u00e9 par une v\u00e9ritable vie associative, l\u2019objectif du club est la promotion et l\u2019organisation d\u2019activit\u00e9s li\u00e9es \u00e0 la pratique de la voile et de l\u2019aviron.<\/p>\n\n\t\t<\/div>\n\t<\/div><div class=\"vc_empty_space\"  style=\"height: 32px\" >\n\t<span class=\"vc_empty_space_inner\">\n\t\t<span class=\"empty_space_image\"  ><\/span>\n\t<\/span>\n<\/div><a  itemprop=\"url\" href=\"https:\/\/www.facebook.com\/ClubNautiquedeCastillon\" target=\"_blank\" data-hover-background-color=\"#ffffff\" data-hover-border-color=\"#1bb7ad\" data-hover-color=\"#1bb7ad\" class=\"qbutton  medium center default\" style=\"color: #ffffff; border-color: #1bb7ad; text-transform: uppercase; border-radius: 5px;-moz-border-radius: 5px;-webkit-border-radius: 5px; background-color:#1bb7ad;\">plus d'info<\/a><div class=\"vc_empty_space\"  style=\"height: 32px\" >\n\t<span class=\"vc_empty_space_inner\">\n\t\t<span class=\"empty_space_image\"  ><\/span>\n\t<\/span>\n<\/div><\/div><\/div><\/div><div class=\"wpb_column vc_column_container vc_col-sm-3\"><div class=\"vc_column-inner\"><div class=\"wpb_wrapper\">\n\t<div class=\"wpb_single_image wpb_content_element vc_align_center\">\n\t\t<div class=\"wpb_wrapper\">\n\t\t\t\n\t\t\t<div class=\"vc_single_image-wrapper   vc_box_border_grey\"><img decoding=\"async\" class=\"vc_single_image-img \" src=\"https:\/\/les-sirenes.com\/wp-content\/uploads\/2021\/06\/Rafting-Verdon-XP-e1579624046606-480x350.jpg\" width=\"480\" height=\"350\" alt=\"Rafting-Verdon-XP-e1579624046606\" title=\"Rafting-Verdon-XP-e1579624046606\" loading=\"lazy\" \/><\/div>\n\t\t<\/div>\n\t<\/div>\n<div class=\"vc_empty_space\"  style=\"height: 32px\" >\n\t<span class=\"vc_empty_space_inner\">\n\t\t<span class=\"empty_space_image\"  ><\/span>\n\t<\/span>\n<\/div>\n\t<div class=\"wpb_text_column wpb_content_element \">\n\t\t<div class=\"wpb_wrapper\">\n\t\t\t<h2>Verdon XP<\/h2>\n\n\t\t<\/div>\n\t<\/div><div class=\"vc_empty_space\"  style=\"height: 15px\" >\n\t<span class=\"vc_empty_space_inner\">\n\t\t<span class=\"empty_space_image\"  ><\/span>\n\t<\/span>\n<\/div>\n\t<div class=\"wpb_text_column wpb_content_element \">\n\t\t<div class=\"wpb_wrapper\">\n\t\t\t<p>Rafting Verdon ! Canoe et Randonn\u00e9e Aquatique. Embarquez sur le Verdon ! Une rivi\u00e8re magnifique bord\u00e9e du plus grand canyon d\u2019Europe.<br \/>\nBienvenue dans le Parc Naturel R\u00e9gional du Verdon.<\/p>\n<p>Toutes nos activit\u00e9s sont encadr\u00e9es par Cyril, guide professionnel dipl\u00f4m\u00e9 d\u2019Etat qui vous remettra un \u00e9quipement r\u00e9pondant aux normes de s\u00e9curit\u00e9 europ\u00e9enne.<\/p>\n\n\t\t<\/div>\n\t<\/div><div class=\"vc_empty_space\"  style=\"height: 32px\" >\n\t<span class=\"vc_empty_space_inner\">\n\t\t<span class=\"empty_space_image\"  ><\/span>\n\t<\/span>\n<\/div><a  itemprop=\"url\" href=\"https:\/\/verdonxp.com\" target=\"_blank\" data-hover-background-color=\"#ffffff\" data-hover-border-color=\"#1bb7ad\" data-hover-color=\"#1bb7ad\" class=\"qbutton  medium center default\" style=\"color: #ffffff; border-color: #1bb7ad; text-transform: uppercase; border-radius: 5px;-moz-border-radius: 5px;-webkit-border-radius: 5px; background-color:#1bb7ad;\">plus d'info<\/a><div class=\"vc_empty_space\"  style=\"height: 32px\" >\n\t<span class=\"vc_empty_space_inner\">\n\t\t<span class=\"empty_space_image\"  ><\/span>\n\t<\/span>\n<\/div><\/div><\/div><\/div><\/div><\/div>\n<\/div>","protected":false},"excerpt":{"rendered":"Quand on s'appelle Le camping Les Sir\u00e8nes, on se doit d'avoir une piscine. Elle est accessible durant l'\u00e9t\u00e9 et est gratuite pour les r\u00e9sidents du camping. Le Camping vous propose aussi des terrains de p\u00e9tanque et une pin\u00e8de pour y accrocher votre hamac. Les activit\u00e9s...","protected":false},"author":1,"featured_media":0,"parent":0,"menu_order":0,"comment_status":"closed","ping_status":"closed","template":"","meta":{"footnotes":""},"class_list":["post-45","page","type-page","status-publish","hentry"],"jetpack_sharing_enabled":true,"_links":{"self":[{"href":"https:\/\/les-sirenes.com\/en\/wp-json\/wp\/v2\/pages\/45","targetHints":{"allow":["GET"]}}],"collection":[{"href":"https:\/\/les-sirenes.com\/en\/wp-json\/wp\/v2\/pages"}],"about":[{"href":"https:\/\/les-sirenes.com\/en\/wp-json\/wp\/v2\/types\/page"}],"author":[{"embeddable":true,"href":"https:\/\/les-sirenes.com\/en\/wp-json\/wp\/v2\/users\/1"}],"replies":[{"embeddable":true,"href":"https:\/\/les-sirenes.com\/en\/wp-json\/wp\/v2\/comments?post=45"}],"version-history":[{"count":24,"href":"https:\/\/les-sirenes.com\/en\/wp-json\/wp\/v2\/pages\/45\/revisions"}],"predecessor-version":[{"id":1091,"href":"https:\/\/les-sirenes.com\/en\/wp-json\/wp\/v2\/pages\/45\/revisions\/1091"}],"wp:attachment":[{"href":"https:\/\/les-sirenes.com\/en\/wp-json\/wp\/v2\/media?parent=45"}],"curies":[{"name":"wp","href":"https:\/\/api.w.org\/{rel}","templated":true}]}}