{"id":34,"date":"2021-01-15T19:08:20","date_gmt":"2021-01-15T18:08:20","guid":{"rendered":"http:\/\/camping-les-sirenes.com\/?page_id=34"},"modified":"2025-10-30T14:43:12","modified_gmt":"2025-10-30T13:43:12","slug":"le-bistrot-du-col","status":"publish","type":"page","link":"https:\/\/les-sirenes.com\/en\/le-bistrot-du-col\/","title":{"rendered":"The Bistrot du Col"},"content":{"rendered":"<div class=\"wpb-content-wrapper\"><div      class=\"vc_row wpb_row section vc_row-fluid \" style=' text-align:left;'><div class=\" full_section_inner clearfix\"><div class=\"wpb_column vc_column_container vc_col-sm-12\"><div class=\"vc_column-inner\"><div class=\"wpb_wrapper\">\n\t<div class=\"wpb_text_column wpb_content_element  uppercase\">\n\t\t<div class=\"wpb_wrapper\">\n\t\t\t<h1 style=\"text-align: center;\">Le Bistrot du Col<\/h1>\n\n\t\t<\/div>\n\t<\/div><div class=\"vc_empty_space\"  style=\"height: 32px\" >\n\t<span class=\"vc_empty_space_inner\">\n\t\t<span class=\"empty_space_image\"  ><\/span>\n\t<\/span>\n<\/div><div      class=\"vc_row wpb_row section vc_row-fluid vc_inner \" style=' text-align:left;'><div class=\" full_section_inner clearfix\"><div class=\"wpb_column vc_column_container vc_col-sm-3 vc_col-has-fill\"><div class=\"vc_column-inner vc_custom_1681655592630\"><div class=\"wpb_wrapper\">\n\t<div class=\"wpb_text_column wpb_content_element  blanc\">\n\t\t<div class=\"wpb_wrapper\">\n\t\t\t<h2 style=\"text-align: center;\">Horaires<\/h2>\n\n\t\t<\/div>\n\t<\/div><div class=\"vc_empty_space\"  style=\"height: 32px\" >\n\t<span class=\"vc_empty_space_inner\">\n\t\t<span class=\"empty_space_image\"  ><\/span>\n\t<\/span>\n<\/div>\n\t<div class=\"wpb_text_column wpb_content_element  blanc\">\n\t\t<div class=\"wpb_wrapper\">\n\t\t\t<h4>Du 1er avril au 30 juin<\/h4>\n<h4>de 11h30 \u00e0 17h30.<\/h4>\n<h4>Le soir sur r\u00e9servation.<\/h4>\n<p>&nbsp;<\/p>\n<h4>Du 1er juillet au 31 ao\u00fbt<\/h4>\n<h4>de 9h \u00e0 23h.<\/h4>\n<p>&nbsp;<\/p>\n<h4>Du 1er septembre au 30 septembre<\/h4>\n<h4>de 11h30 \u00e0 17h30.<\/h4>\n<h4>Le soir sur r\u00e9servation.<\/h4>\n\n\t\t<\/div>\n\t<\/div><div class=\"vc_empty_space\"  style=\"height: 32px\" >\n\t<span class=\"vc_empty_space_inner\">\n\t\t<span class=\"empty_space_image\"  ><\/span>\n\t<\/span>\n<\/div><a  itemprop=\"url\" href=\"tel:+33695906849\" target=\"_blank\" data-hover-background-color=\"#2e9685\" data-hover-border-color=\"#2e9685\" data-hover-color=\"#ffffff\" class=\"qbutton  medium center enlarge\" style=\"color: #000000; border-color: #000000; margin: 0px 0px 10px 10px; border-radius: 20pxpx;-moz-border-radius: 20pxpx;-webkit-border-radius: 20pxpx; background-color:#ffffff;\">Appelez-nous pour r\u00e9server<i class=\"qode_icon_font_awesome fa fa-phone qode_button_icon_element\" style=\"color: #2e9685\"><\/i><\/a><div class=\"vc_empty_space\"  style=\"height: 32px\" >\n\t<span class=\"vc_empty_space_inner\">\n\t\t<span class=\"empty_space_image\"  ><\/span>\n\t<\/span>\n<\/div><\/div><\/div><\/div><div class=\"wpb_column vc_column_container vc_col-sm-9\"><div class=\"vc_column-inner\"><div class=\"wpb_wrapper\">\n\t<div class=\"wpb_text_column wpb_content_element \">\n\t\t<div class=\"wpb_wrapper\">\n\t\t\t<h4>Une terrasse avec des tonneaux de ch\u00eane, une vue magnifique, un feu de chemin\u00e9e dans le bistrot.<br \/>\n<strong>Le bistrot du col<\/strong> vous accueille dans un cadre chaleureux pour savourer et d\u00e9guster une cuisine qui puise ses id\u00e9es dans un terroir r\u00e9gional&#8230; et belge<\/h4>\n\n\t\t<\/div>\n\t<\/div><div class=\"wpb_gallery wpb_content_element vc_clearfix\"><div class=\"wpb_wrapper\"><div class=\"wpb_gallery_slides wpb_flexslider flexslider_fade flexslider\" data-interval=\"3\" data-flex_fx=\"fade\"><ul class=\"slides\"><li><a itemprop=\"image\" class=\"qode-prettyphoto\" href=\"https:\/\/les-sirenes.com\/wp-content\/uploads\/2021\/06\/bistrot-3.jpg\" data-rel=\"prettyPhoto[rel-34-3628962172]\"><img loading=\"lazy\" decoding=\"async\" width=\"1060\" height=\"795\" src=\"https:\/\/les-sirenes.com\/wp-content\/uploads\/2021\/06\/bistrot-3.jpg\" class=\"attachment-large\" alt=\"\" title=\"bistrot 3\" srcset=\"https:\/\/les-sirenes.com\/wp-content\/uploads\/2021\/06\/bistrot-3.jpg 1174w, https:\/\/les-sirenes.com\/wp-content\/uploads\/2021\/06\/bistrot-3-500x375.jpg 500w, https:\/\/les-sirenes.com\/wp-content\/uploads\/2021\/06\/bistrot-3-768x576.jpg 768w, https:\/\/les-sirenes.com\/wp-content\/uploads\/2021\/06\/bistrot-3-800x600.jpg 800w, https:\/\/les-sirenes.com\/wp-content\/uploads\/2021\/06\/bistrot-3-700x525.jpg 700w\" sizes=\"auto, (max-width: 1060px) 100vw, 1060px\" \/><\/a><\/li><li><a itemprop=\"image\" class=\"qode-prettyphoto\" href=\"https:\/\/les-sirenes.com\/wp-content\/uploads\/2021\/06\/bistrot-5-1200x900.jpg\" data-rel=\"prettyPhoto[rel-34-3628962172]\"><img loading=\"lazy\" decoding=\"async\" width=\"1060\" height=\"795\" src=\"https:\/\/les-sirenes.com\/wp-content\/uploads\/2021\/06\/bistrot-5-1200x900.jpg\" class=\"attachment-large\" alt=\"\" title=\"bistrot 5\" srcset=\"https:\/\/les-sirenes.com\/wp-content\/uploads\/2021\/06\/bistrot-5-1200x900.jpg 1200w, https:\/\/les-sirenes.com\/wp-content\/uploads\/2021\/06\/bistrot-5-500x375.jpg 500w, https:\/\/les-sirenes.com\/wp-content\/uploads\/2021\/06\/bistrot-5-768x576.jpg 768w, https:\/\/les-sirenes.com\/wp-content\/uploads\/2021\/06\/bistrot-5-1536x1152.jpg 1536w, https:\/\/les-sirenes.com\/wp-content\/uploads\/2021\/06\/bistrot-5-2048x1536.jpg 2048w, https:\/\/les-sirenes.com\/wp-content\/uploads\/2021\/06\/bistrot-5-800x600.jpg 800w, https:\/\/les-sirenes.com\/wp-content\/uploads\/2021\/06\/bistrot-5-700x525.jpg 700w, https:\/\/les-sirenes.com\/wp-content\/uploads\/2021\/06\/bistrot-5-scaled.jpg 1600w\" sizes=\"auto, (max-width: 1060px) 100vw, 1060px\" \/><\/a><\/li><li><a itemprop=\"image\" class=\"qode-prettyphoto\" href=\"https:\/\/les-sirenes.com\/wp-content\/uploads\/2021\/06\/bistrot-1.jpg\" data-rel=\"prettyPhoto[rel-34-3628962172]\"><img loading=\"lazy\" decoding=\"async\" width=\"1060\" height=\"795\" src=\"https:\/\/les-sirenes.com\/wp-content\/uploads\/2021\/06\/bistrot-1.jpg\" class=\"attachment-large\" alt=\"\" title=\"bistrot 1\" srcset=\"https:\/\/les-sirenes.com\/wp-content\/uploads\/2021\/06\/bistrot-1.jpg 1174w, https:\/\/les-sirenes.com\/wp-content\/uploads\/2021\/06\/bistrot-1-500x375.jpg 500w, https:\/\/les-sirenes.com\/wp-content\/uploads\/2021\/06\/bistrot-1-768x576.jpg 768w, https:\/\/les-sirenes.com\/wp-content\/uploads\/2021\/06\/bistrot-1-800x600.jpg 800w, https:\/\/les-sirenes.com\/wp-content\/uploads\/2021\/06\/bistrot-1-700x525.jpg 700w\" sizes=\"auto, (max-width: 1060px) 100vw, 1060px\" \/><\/a><\/li><li><a itemprop=\"image\" class=\"qode-prettyphoto\" href=\"https:\/\/les-sirenes.com\/wp-content\/uploads\/2021\/06\/bistrot-int-ok-1200x669.jpg\" data-rel=\"prettyPhoto[rel-34-3628962172]\"><img loading=\"lazy\" decoding=\"async\" width=\"1060\" height=\"591\" src=\"https:\/\/les-sirenes.com\/wp-content\/uploads\/2021\/06\/bistrot-int-ok-1200x669.jpg\" class=\"attachment-large\" alt=\"\" title=\"bistrot int ok\" srcset=\"https:\/\/les-sirenes.com\/wp-content\/uploads\/2021\/06\/bistrot-int-ok-1200x669.jpg 1200w, https:\/\/les-sirenes.com\/wp-content\/uploads\/2021\/06\/bistrot-int-ok-500x279.jpg 500w, https:\/\/les-sirenes.com\/wp-content\/uploads\/2021\/06\/bistrot-int-ok-768x428.jpg 768w, https:\/\/les-sirenes.com\/wp-content\/uploads\/2021\/06\/bistrot-int-ok-1536x857.jpg 1536w, https:\/\/les-sirenes.com\/wp-content\/uploads\/2021\/06\/bistrot-int-ok-700x390.jpg 700w, https:\/\/les-sirenes.com\/wp-content\/uploads\/2021\/06\/bistrot-int-ok.jpg 1576w\" sizes=\"auto, (max-width: 1060px) 100vw, 1060px\" \/><\/a><\/li><li><a itemprop=\"image\" class=\"qode-prettyphoto\" href=\"https:\/\/les-sirenes.com\/wp-content\/uploads\/2021\/06\/bistrot-int-1-1200x900.jpeg\" data-rel=\"prettyPhoto[rel-34-3628962172]\"><img loading=\"lazy\" decoding=\"async\" width=\"1060\" height=\"795\" src=\"https:\/\/les-sirenes.com\/wp-content\/uploads\/2021\/06\/bistrot-int-1-1200x900.jpeg\" class=\"attachment-large\" alt=\"\" title=\"bistrot int 1\" srcset=\"https:\/\/les-sirenes.com\/wp-content\/uploads\/2021\/06\/bistrot-int-1-1200x900.jpeg 1200w, https:\/\/les-sirenes.com\/wp-content\/uploads\/2021\/06\/bistrot-int-1-500x375.jpeg 500w, https:\/\/les-sirenes.com\/wp-content\/uploads\/2021\/06\/bistrot-int-1-768x576.jpeg 768w, https:\/\/les-sirenes.com\/wp-content\/uploads\/2021\/06\/bistrot-int-1-1536x1152.jpeg 1536w, https:\/\/les-sirenes.com\/wp-content\/uploads\/2021\/06\/bistrot-int-1-2048x1536.jpeg 2048w, https:\/\/les-sirenes.com\/wp-content\/uploads\/2021\/06\/bistrot-int-1-800x600.jpeg 800w, https:\/\/les-sirenes.com\/wp-content\/uploads\/2021\/06\/bistrot-int-1-700x525.jpeg 700w, https:\/\/les-sirenes.com\/wp-content\/uploads\/2021\/06\/bistrot-int-1-scaled.jpeg 1600w\" sizes=\"auto, (max-width: 1060px) 100vw, 1060px\" \/><\/a><\/li><li><a itemprop=\"image\" class=\"qode-prettyphoto\" href=\"https:\/\/les-sirenes.com\/wp-content\/uploads\/2021\/06\/bistrot-pergo-6.jpg\" data-rel=\"prettyPhoto[rel-34-3628962172]\"><img loading=\"lazy\" decoding=\"async\" width=\"1060\" height=\"795\" src=\"https:\/\/les-sirenes.com\/wp-content\/uploads\/2021\/06\/bistrot-pergo-6.jpg\" class=\"attachment-large\" alt=\"\" title=\"bistrot pergo 6\" srcset=\"https:\/\/les-sirenes.com\/wp-content\/uploads\/2021\/06\/bistrot-pergo-6.jpg 1174w, https:\/\/les-sirenes.com\/wp-content\/uploads\/2021\/06\/bistrot-pergo-6-500x375.jpg 500w, https:\/\/les-sirenes.com\/wp-content\/uploads\/2021\/06\/bistrot-pergo-6-768x576.jpg 768w, https:\/\/les-sirenes.com\/wp-content\/uploads\/2021\/06\/bistrot-pergo-6-800x600.jpg 800w, https:\/\/les-sirenes.com\/wp-content\/uploads\/2021\/06\/bistrot-pergo-6-700x525.jpg 700w\" sizes=\"auto, (max-width: 1060px) 100vw, 1060px\" \/><\/a><\/li><li><a itemprop=\"image\" class=\"qode-prettyphoto\" href=\"https:\/\/les-sirenes.com\/wp-content\/uploads\/2021\/06\/bistrot-2.jpg\" data-rel=\"prettyPhoto[rel-34-3628962172]\"><img loading=\"lazy\" decoding=\"async\" width=\"1060\" height=\"795\" src=\"https:\/\/les-sirenes.com\/wp-content\/uploads\/2021\/06\/bistrot-2.jpg\" class=\"attachment-large\" alt=\"\" title=\"bistrot 2\" srcset=\"https:\/\/les-sirenes.com\/wp-content\/uploads\/2021\/06\/bistrot-2.jpg 1174w, https:\/\/les-sirenes.com\/wp-content\/uploads\/2021\/06\/bistrot-2-500x375.jpg 500w, https:\/\/les-sirenes.com\/wp-content\/uploads\/2021\/06\/bistrot-2-768x576.jpg 768w, https:\/\/les-sirenes.com\/wp-content\/uploads\/2021\/06\/bistrot-2-800x600.jpg 800w, https:\/\/les-sirenes.com\/wp-content\/uploads\/2021\/06\/bistrot-2-700x525.jpg 700w\" sizes=\"auto, (max-width: 1060px) 100vw, 1060px\" \/><\/a><\/li><li><a itemprop=\"image\" class=\"qode-prettyphoto\" href=\"https:\/\/les-sirenes.com\/wp-content\/uploads\/2021\/06\/bistrot-pergo-4.jpg\" data-rel=\"prettyPhoto[rel-34-3628962172]\"><img loading=\"lazy\" decoding=\"async\" width=\"1060\" height=\"795\" src=\"https:\/\/les-sirenes.com\/wp-content\/uploads\/2021\/06\/bistrot-pergo-4.jpg\" class=\"attachment-large\" alt=\"\" title=\"bistrot pergo 4\" srcset=\"https:\/\/les-sirenes.com\/wp-content\/uploads\/2021\/06\/bistrot-pergo-4.jpg 1174w, https:\/\/les-sirenes.com\/wp-content\/uploads\/2021\/06\/bistrot-pergo-4-500x375.jpg 500w, https:\/\/les-sirenes.com\/wp-content\/uploads\/2021\/06\/bistrot-pergo-4-768x576.jpg 768w, https:\/\/les-sirenes.com\/wp-content\/uploads\/2021\/06\/bistrot-pergo-4-800x600.jpg 800w, https:\/\/les-sirenes.com\/wp-content\/uploads\/2021\/06\/bistrot-pergo-4-700x525.jpg 700w\" sizes=\"auto, (max-width: 1060px) 100vw, 1060px\" \/><\/a><\/li><li><a itemprop=\"image\" class=\"qode-prettyphoto\" href=\"https:\/\/les-sirenes.com\/wp-content\/uploads\/2021\/06\/bistrot-pergo-8-1200x900.jpg\" data-rel=\"prettyPhoto[rel-34-3628962172]\"><img loading=\"lazy\" decoding=\"async\" width=\"1060\" height=\"795\" src=\"https:\/\/les-sirenes.com\/wp-content\/uploads\/2021\/06\/bistrot-pergo-8-1200x900.jpg\" class=\"attachment-large\" alt=\"\" title=\"bistrot pergo 8\" srcset=\"https:\/\/les-sirenes.com\/wp-content\/uploads\/2021\/06\/bistrot-pergo-8-1200x900.jpg 1200w, https:\/\/les-sirenes.com\/wp-content\/uploads\/2021\/06\/bistrot-pergo-8-500x375.jpg 500w, https:\/\/les-sirenes.com\/wp-content\/uploads\/2021\/06\/bistrot-pergo-8-768x576.jpg 768w, https:\/\/les-sirenes.com\/wp-content\/uploads\/2021\/06\/bistrot-pergo-8-800x600.jpg 800w, https:\/\/les-sirenes.com\/wp-content\/uploads\/2021\/06\/bistrot-pergo-8-700x525.jpg 700w, https:\/\/les-sirenes.com\/wp-content\/uploads\/2021\/06\/bistrot-pergo-8.jpg 1249w\" sizes=\"auto, (max-width: 1060px) 100vw, 1060px\" \/><\/a><\/li><\/ul><\/div><\/div><\/div><\/div><\/div><\/div><\/div><\/div><div class=\"vc_empty_space\"  style=\"height: 32px\" >\n\t<span class=\"vc_empty_space_inner\">\n\t\t<span class=\"empty_space_image\"  ><\/span>\n\t<\/span>\n<\/div><\/div><\/div><\/div><\/div><\/div>\n<\/div>","protected":false},"excerpt":{"rendered":"Le Bistrot du Col Horaires Du 1er avril au 30 juin de 11h30 \u00e0 17h30. Le soir sur r\u00e9servation. &nbsp; Du 1er juillet au 31 ao\u00fbt de 9h \u00e0 23h. &nbsp; Du 1er septembre au 30 septembre de 11h30 \u00e0 17h30. Le soir sur r\u00e9servation....","protected":false},"author":1,"featured_media":0,"parent":0,"menu_order":0,"comment_status":"closed","ping_status":"closed","template":"","meta":{"footnotes":""},"class_list":["post-34","page","type-page","status-publish","hentry"],"jetpack_sharing_enabled":true,"_links":{"self":[{"href":"https:\/\/les-sirenes.com\/en\/wp-json\/wp\/v2\/pages\/34","targetHints":{"allow":["GET"]}}],"collection":[{"href":"https:\/\/les-sirenes.com\/en\/wp-json\/wp\/v2\/pages"}],"about":[{"href":"https:\/\/les-sirenes.com\/en\/wp-json\/wp\/v2\/types\/page"}],"author":[{"embeddable":true,"href":"https:\/\/les-sirenes.com\/en\/wp-json\/wp\/v2\/users\/1"}],"replies":[{"embeddable":true,"href":"https:\/\/les-sirenes.com\/en\/wp-json\/wp\/v2\/comments?post=34"}],"version-history":[{"count":32,"href":"https:\/\/les-sirenes.com\/en\/wp-json\/wp\/v2\/pages\/34\/revisions"}],"predecessor-version":[{"id":1135,"href":"https:\/\/les-sirenes.com\/en\/wp-json\/wp\/v2\/pages\/34\/revisions\/1135"}],"wp:attachment":[{"href":"https:\/\/les-sirenes.com\/en\/wp-json\/wp\/v2\/media?parent=34"}],"curies":[{"name":"wp","href":"https:\/\/api.w.org\/{rel}","templated":true}]}}